{"id":35,"date":"2021-03-21T11:14:04","date_gmt":"2021-03-21T11:14:04","guid":{"rendered":"https:\/\/www.lineaellebi.it\/lb\/privacy-policy-2\/"},"modified":"2023-09-13T17:10:05","modified_gmt":"2023-09-13T17:10:05","slug":"privacy-policy-2","status":"publish","type":"page","link":"https:\/\/www.lineaellebi.it\/lb\/privacy-policy-2\/","title":{"rendered":"Privacy Policy"},"content":{"rendered":"<div class=\"wpb-content-wrapper\"><p>[vc_row][vc_column width=&#8221;1\/6&#8243;][\/vc_column][vc_column width=&#8221;2\/3&#8243;]<h3 class=\"grve-element grve-title grve-align-inherit grve-h3\"><span><br>\n<p style=\"text-align: center;\"><strong>PRIVACY e COOKIES POLICY<\/strong><br \/>\n( ai sensi dell\u2019art. 13 del regolamento UE 2016\/679)<br>\n<\/span><\/h3><div class=\"grve-empty-space grve-height-1x\"><\/div>[vc_column_text]<strong>La presente informativa \u00e8 rivolta alle persone fisiche che accedono al sito Internet www.lineaellebi.com ed eseguono almeno una delle seguenti operazioni<\/strong>:<\/p>\n<p>\u2022 Visitano le pagine del suddetto sito;<br \/>\n\u2022 Inviano messaggi attraverso il modulo presente nella pagina contatto o direttamente agli indirizzi mail pubblicati sul sito.<\/p>\n<p>Le informazioni qui riportate sono rilasciate dal proprietario del sito sopra indicato e non riguardano siti eventualmente collegati di terze parti. La presente informativa viene resa ai sensi del Regolamento UE n. 2016\/679. Nel resto del documento tale normativa sar\u00e0 indicata semplicemente col termine \u201cRegolamento\u201d. La suddetta azienda svolge delle operazioni sui dati personali che riguardano le persone sopra indicate (definite dal Regolamento come interessati) ovvero effettua trattamento di dati personali. Questo documento fornisce a norma del Regolamento le caratteriste di questi operazioni oltre ad ulteriori informazioni obbligatorie.<\/p>\n<p>LINEA ELLEBI s.n.c. di Liana Barbieri &amp; C. con sede Via de\u2019 Cadolingi n\u00b0 4 50018 SCANDICCI (FI) \u00e8 il titolare del trattamento ovvero il soggetto (in questo caso giuridico) che determina le finalit\u00e0 e i mezzi del trattamento dei dati personali forniti. Nel resto del documento sar\u00e0 indicato col termine &#8220;Titolare&#8221;. I dati personali devono essere trattati per finalit\u00e0 specifiche e in modo lecito (ovvero in virt\u00f9 di una base giuridica riconosciuta dal regolamento). Di seguito diamo informazione riguardo a questi dettagli. I dati forniti durante la navigazione saranno trattati per garantire la funzionalit\u00e0 del sito ed effettuare valutazioni statistiche sulle visite ricevute (si veda anche la sezione DATI DI NAVIGAZIONE). In questo caso la base giuridica \u00e8 il legittimo interesse del Titolare di ottenere statistiche anonime sulle visite di un proprio canale commerciale.<\/p>\n<p>Quando un visitatore invia un messaggio dalla pagina \u201cContatti\u201d o direttamente al nostro indirizzi email i dati forniti saranno trattati esclusivamente per la finalit\u00e0 di rispondere alle richieste inviate in modo da favorire successive collaborazioni. In questi ultimi due casi la base giuridica \u00e8 la necessita di eseguire il trattamento per l\u2019esecuzione di misure di precontrattuali tra le parti. I dati forniti tramite il modulo contatto o inviati direttamente al nostro indirizzi email saranno trattati esclusivamente dal personale autorizzato interno alla struttura del Titolare. Per i dati relativi alla semplice visita delle pagine del sito riferirsi alla sezione dati di navigazione. I dati forniti tramite il modulo contatto o tramite l\u2019invio di mail spontaneo saranno trattati nella sede del titolare e quindi esclusivamente su territorio Italiano. I dati di navigazione saranno parzialmente elaborati su sistemi non situati in Italia ma comunque in un paese dell\u2019Unione Europea. I dati forniti tramite la sezione Contatto saranno conservati per il tempo necessario a evadere l\u2019ultima richiesta di informazione e per un ulteriore periodo utile per rispondere ad eventuali successive richieste e comunque non oltre i 3 anni. L\u2019interessato ha diritto di:<\/p>\n<p>\u2022 chiedere al titolare del trattamento l\u2019accesso ai dati personali e la rettifica o la cancellazione degli stessi o la limitazione del trattamento che lo riguardano o di opporsi al loro trattamento<br \/>\n\u2022 richiedere la portabilit\u00e0 dei dati: trasferire i propri dati ad un altro Titolare del trattamento ai sensi dell\u2019art. 20 del Regolamento;<br \/>\n\u2022 revocare il consenso in qualsiasi momento senza pregiudicare la liceit\u00e0 del trattamento basata sul consenso prestato prima della revoca;<br \/>\n\u2022 proporre reclamo a un\u2019autorit\u00e0 di controllo; I dati richiesti dal modulo di contatto sono obbligatori.<br \/>\nPer gli altri dati riferirsi alla sezione successiva.<\/p>\n<p><strong>DATI DI NAVIGAZIONE<\/strong><\/p>\n<p>I sistemi informatici e le procedure software preposte al funzionamento di questo sito web acquisiscono, nel corso del loro normale esercizio, alcuni dati personali la cui trasmissione \u00e8 implicita nell&#8217;uso dei protocolli di comunicazione di Internet. Si tratta di informazioni che non sono raccolte per essere associate a interessati identificati, ma che per loro stessa natura potrebbero, attraverso elaborazioni ed associazioni con dati detenuti da terzi, permettere di identificare gli utenti. In questa categoria di dati rientrano gli indirizzi IP o i nomi a dominio dei computer utilizzati dagli utenti che si connettono al sito, gli indirizzi in notazione URI (Uniform Resource Identifier) delle risorse richieste, l&#8217;orario della richiesta, il metodo utilizzato nel sottoporre la richiesta al server, la dimensione del file ottenuto in risposta, il codice numerico indicante lo stato della risposta data dal server (buon fine, errore, ecc.) ed altri parametri relativi al sistema operativo e all&#8217;ambiente informatico dell&#8217;utente. Questi dati vengono utilizzati al solo fine di ricavare informazioni statistiche anonime sull&#8217;uso del sito e per controllarne il corretto funzionamento e vengono cancellati immediatamente dopo l&#8217;elaborazione. I dati potrebbero essere utilizzati per l&#8217;accertamento di responsabilit\u00e0 in caso di ipotetici reati informatici ai danni del sito: salva questa eventualit\u00e0, allo stato i dati sui contatti web non persistono per pi\u00f9 di sette giorni.<\/p>\n<p><strong>Cookies <\/strong><\/p>\n<p>Nessun dato personale degli utenti viene in proposito acquisito dal sito. Non viene fatto uso di cookies per la trasmissione di informazioni di carattere personale, n\u00e9 vengono utilizzati c.d. cookies persistenti di alcun tipo, ovvero sistemi per il tracciamento degli utenti. L&#8217;uso di c.d. cookies di sessione (che non vengono memorizzati in modo persistente sul computer dell&#8217;utente e svaniscono con la chiusura del browser) \u00e8 strettamente limitato alla trasmissione di identificativi di sessione (costituiti da numeri casuali generati dal server) necessari per consentire l&#8217;esplorazione sicura ed efficiente del sito. I c.d. cookies di sessione utilizzati in questo sito evitano il ricorso ad altre tecniche informatiche potenzialmente pregiudizievoli per la riservatezza della navigazione degli utenti e non consentono l&#8217;acquisizione di dati personali identificativi dell&#8217;utente.[\/vc_column_text][\/vc_column][vc_column width=&#8221;1\/6&#8243;][\/vc_column][\/vc_row]<\/p>\n<\/div>","protected":false},"excerpt":{"rendered":"<p>[vc_row][vc_column width=&#8221;1\/6&#8243;][\/vc_column][vc_column width=&#8221;2\/3&#8243;][vc_column_text]La presente informativa \u00e8 rivolta alle persone fisiche che accedono al sito Internet www.lineaellebi.com ed eseguono almeno una delle seguenti operazioni: \u2022 Visitano le pagine del suddetto sito; \u2022 Inviano messaggi attraverso il modulo presente nella pagina contatto o direttamente agli indirizzi mail pubblicati sul sito. Le informazioni qui riportate sono rilasciate dal [&hellip;]<\/p>\n","protected":false},"author":1,"featured_media":0,"parent":0,"menu_order":0,"comment_status":"closed","ping_status":"closed","template":"","meta":{"footnotes":""},"class_list":["post-35","page","type-page","status-publish","hentry","grve-entry-item"],"_links":{"self":[{"href":"https:\/\/www.lineaellebi.it\/lb\/wp-json\/wp\/v2\/pages\/35","targetHints":{"allow":["GET"]}}],"collection":[{"href":"https:\/\/www.lineaellebi.it\/lb\/wp-json\/wp\/v2\/pages"}],"about":[{"href":"https:\/\/www.lineaellebi.it\/lb\/wp-json\/wp\/v2\/types\/page"}],"author":[{"embeddable":true,"href":"https:\/\/www.lineaellebi.it\/lb\/wp-json\/wp\/v2\/users\/1"}],"replies":[{"embeddable":true,"href":"https:\/\/www.lineaellebi.it\/lb\/wp-json\/wp\/v2\/comments?post=35"}],"version-history":[{"count":6,"href":"https:\/\/www.lineaellebi.it\/lb\/wp-json\/wp\/v2\/pages\/35\/revisions"}],"predecessor-version":[{"id":7880,"href":"https:\/\/www.lineaellebi.it\/lb\/wp-json\/wp\/v2\/pages\/35\/revisions\/7880"}],"wp:attachment":[{"href":"https:\/\/www.lineaellebi.it\/lb\/wp-json\/wp\/v2\/media?parent=35"}],"curies":[{"name":"wp","href":"https:\/\/api.w.org\/{rel}","templated":true}]}}